{"id":2948,"date":"2018-11-28T23:29:20","date_gmt":"2018-11-28T23:29:20","guid":{"rendered":"http:\/\/vanesaayurveda.com\/?page_id=2948"},"modified":"2023-05-18T14:36:42","modified_gmt":"2023-05-18T14:36:42","slug":"dosha-quiz","status":"publish","type":"page","link":"https:\/\/vanesaayurveda.com\/fr\/dosha-quiz\/","title":{"rendered":"Dosha Quiz"},"content":{"rendered":"<p>[vc_row row_content_width=\u00a0\u00bbgrid\u00a0\u00bb][vc_column offset=\u00a0\u00bbvc_col-md-4&Prime;]<div class=\"mkdf-iwt clearfix  mkdf-iwt-icon-top mkdf-iwt-icon-huge\">\n\t<div class=\"mkdf-iwt-icon\">\n\t\t<img loading=\"lazy\" decoding=\"async\" width=\"171\" height=\"171\" src=\"https:\/\/vanesaayurveda.com\/wp-content\/uploads\/2018\/07\/Doshas_Icons_FINAL_VATAFOR-SCREEN-e1541455951788.png\" class=\"attachment-full size-full\" alt=\"\" srcset=\"https:\/\/vanesaayurveda.com\/wp-content\/uploads\/2018\/07\/Doshas_Icons_FINAL_VATAFOR-SCREEN-e1541455951788.png 171w, https:\/\/vanesaayurveda.com\/wp-content\/uploads\/2018\/07\/Doshas_Icons_FINAL_VATAFOR-SCREEN-e1541455951788-100x100.png 100w\" sizes=\"(max-width: 171px) 100vw, 171px\" \/>\t<\/div>\n\t<div class=\"mkdf-iwt-content\" >\n\t\t\t\t\t<h5 class=\"mkdf-iwt-title\" style=\"margin-top: -10px\">\n\t\t\t\t\t\t\t\t<span class=\"mkdf-iwt-title-text\">Vata<\/span>\n\t\t\t\t\t\t\t<\/h5>\n\t\t\t\t\t<\/div>\n<\/div>[\/vc_column][vc_column offset=\u00a0\u00bbvc_col-md-4&Prime;]<div class=\"mkdf-iwt clearfix  mkdf-iwt-icon-top mkdf-iwt-icon-large\">\n\t<div class=\"mkdf-iwt-icon\">\n\t\t<img loading=\"lazy\" decoding=\"async\" width=\"180\" height=\"180\" src=\"https:\/\/vanesaayurveda.com\/wp-content\/uploads\/2018\/07\/Doshas_Icons_FINAL_PITTAFOR-SCREEN-e1541455986994.png\" class=\"attachment-full size-full\" alt=\"\" srcset=\"https:\/\/vanesaayurveda.com\/wp-content\/uploads\/2018\/07\/Doshas_Icons_FINAL_PITTAFOR-SCREEN-e1541455986994.png 180w, https:\/\/vanesaayurveda.com\/wp-content\/uploads\/2018\/07\/Doshas_Icons_FINAL_PITTAFOR-SCREEN-e1541455986994-100x100.png 100w\" sizes=\"(max-width: 180px) 100vw, 180px\" \/>\t<\/div>\n\t<div class=\"mkdf-iwt-content\" >\n\t\t\t\t\t<h5 class=\"mkdf-iwt-title\" style=\"margin-top: -10px\">\n\t\t\t\t\t\t\t\t<span class=\"mkdf-iwt-title-text\">Pitta<\/span>\n\t\t\t\t\t\t\t<\/h5>\n\t\t\t\t\t<\/div>\n<\/div>[\/vc_column][vc_column offset=\u00a0\u00bbvc_col-md-4&Prime;]<div class=\"mkdf-iwt clearfix  mkdf-iwt-icon-top mkdf-iwt-icon-large\">\n\t<div class=\"mkdf-iwt-icon\">\n\t\t<img loading=\"lazy\" decoding=\"async\" width=\"180\" height=\"180\" src=\"https:\/\/vanesaayurveda.com\/wp-content\/uploads\/2018\/07\/Doshas_Icons_FINAL_KAPHAFOR-SCREEN-e1541456012129.png\" class=\"attachment-full size-full\" alt=\"\" srcset=\"https:\/\/vanesaayurveda.com\/wp-content\/uploads\/2018\/07\/Doshas_Icons_FINAL_KAPHAFOR-SCREEN-e1541456012129.png 180w, https:\/\/vanesaayurveda.com\/wp-content\/uploads\/2018\/07\/Doshas_Icons_FINAL_KAPHAFOR-SCREEN-e1541456012129-100x100.png 100w\" sizes=\"(max-width: 180px) 100vw, 180px\" \/>\t<\/div>\n\t<div class=\"mkdf-iwt-content\" >\n\t\t\t\t\t<h5 class=\"mkdf-iwt-title\" style=\"margin-top: -10px\">\n\t\t\t\t\t\t\t\t<span class=\"mkdf-iwt-title-text\">Kapha<\/span>\n\t\t\t\t\t\t\t<\/h5>\n\t\t\t\t\t<\/div>\n<\/div>[\/vc_column][\/vc_row][vc_row css=\u00a0\u00bb.vc_custom_1543448721175{padding-top: 0px !important;padding-bottom: 105px !important;background-image: url(http:\/\/aviana.mikado-themes.com\/wp-content\/uploads\/2017\/09\/h1-background-img.jpg?id=151) !important;background-position: center !important;background-repeat: no-repeat !important;background-size: cover !important;}\u00a0\u00bb][vc_column][vc_row_inner row_content_width=\u00a0\u00bbgrid\u00a0\u00bb content_text_aligment=\u00a0\u00bbcenter\u00a0\u00bb css=\u00a0\u00bb.vc_custom_1534396694721{margin-bottom: 10px !important;}\u00a0\u00bb][vc_column_inner]<div class=\"mkdf-elements-holder   mkdf-one-column  mkdf-responsive-mode-768 \" ><div class=\"mkdf-eh-item    \"  data-item-class=\"mkdf-eh-custom-1386\" data-1280-1600=\"0px 12%\" data-1024-1280=\"0px 10%\" data-768-1024=\"0px\" data-680-768=\"0px\" data-680=\"0px\">\n\t\t<div class=\"mkdf-eh-item-inner\">\n\t\t<div class=\"mkdf-eh-item-content mkdf-eh-custom-1386\" style=\"padding: 0px 10% 10%\">\n\t\t\t<div class=\"mkdf-section-title-holder  mkdf-st-standard mkdf-st-title-left mkdf-st-normal-space \" style=\"text-align: center\">\n\t<div class=\"mkdf-st-inner\">\n\t\t\n\t\t\t\t\t<div class=\"mkdf-separator-holder clearfix\">\n\t\t\t\t<div class=\"mkdf-separator\"><\/div>\n\t\t\t<\/div>\n\t\t\t\t\t\t\t<h2 class=\"mkdf-st-title\" >\n\t\t\t\tAyurveda \u2013 Dosha Quiz \t\t\t<\/h2>\n\t\t\t\t\t\t\t<h6 class=\"mkdf-st-text\" >\n\t\t\t\tSVP cochez la r\u00e9ponse qui vous ressemble le plus. Vous pouvez cocher plus d\u2019une r\u00e9ponse. Si rien ne vous ressemble, ne cochez pas.\t\t\t<\/h6>\n\t\t\t<\/div>\n<\/div>\n<div class=\"wpcf7 no-js\" id=\"wpcf7-f3677-o1\" lang=\"en-US\" dir=\"ltr\">\n<div class=\"screen-reader-response\"><p role=\"status\" aria-live=\"polite\" aria-atomic=\"true\"><\/p> <ul><\/ul><\/div>\n<form action=\"\/fr\/wp-json\/wp\/v2\/pages\/2948#wpcf7-f3677-o1\" method=\"post\" class=\"wpcf7-form init cf7_custom_style_2\" aria-label=\"Contact form\" novalidate=\"novalidate\" data-status=\"init\">\n<div style=\"display: none;\">\n<input type=\"hidden\" name=\"_wpcf7\" value=\"3677\" \/>\n<input type=\"hidden\" name=\"_wpcf7_version\" value=\"5.9.3\" \/>\n<input type=\"hidden\" name=\"_wpcf7_locale\" value=\"en_US\" \/>\n<input type=\"hidden\" name=\"_wpcf7_unit_tag\" value=\"wpcf7-f3677-o1\" \/>\n<input type=\"hidden\" name=\"_wpcf7_container_post\" value=\"0\" \/>\n<input type=\"hidden\" name=\"_wpcf7_posted_data_hash\" value=\"\" \/>\n<input type=\"hidden\" name=\"_wpcf7_recaptcha_response\" value=\"\" \/>\n<\/div>\n<div class=\"mkdf-two-columns-50-50 clearfix\">\n\t<div class=\"mkdf-two-columns-50-50-inner\">\n\t\t<div class=\"mkdf-column\">\n\t\t\t<p><span class=\"wpcf7-form-control-wrap\" data-name=\"your-first-name\"><input size=\"40\" class=\"wpcf7-form-control wpcf7-text wpcf7-validates-as-required\" aria-required=\"true\" aria-invalid=\"false\" placeholder=\"Pr\u00e9nom\" value=\"\" type=\"text\" name=\"your-first-name\" \/><\/span>\n\t\t\t<\/p>\n\t\t<\/div>\n\t\t<div class=\"mkdf-column\">\n\t\t\t<p><span class=\"wpcf7-form-control-wrap\" data-name=\"your-last-name\"><input size=\"40\" class=\"wpcf7-form-control wpcf7-text wpcf7-validates-as-required\" aria-required=\"true\" aria-invalid=\"false\" placeholder=\"Nom de famille\" value=\"\" type=\"text\" name=\"your-last-name\" \/><\/span>\n\t\t\t<\/p>\n\t\t<\/div>\n\t<\/div>\n<\/div>\n<div class=\"mkdf-two-columns-50-50 clearfix\">\n\t<div class=\"mkdf-two-columns-50-50-inner\">\n\t\t<div class=\"mkdf-column\">\n\t\t\t<p><span class=\"wpcf7-form-control-wrap\" data-name=\"your-email\"><input size=\"40\" class=\"wpcf7-form-control wpcf7-email wpcf7-validates-as-required wpcf7-text wpcf7-validates-as-email\" aria-required=\"true\" aria-invalid=\"false\" placeholder=\"Email\" value=\"\" type=\"email\" name=\"your-email\" \/><\/span>\n\t\t\t<\/p>\n\t\t<\/div>\n\t\t<div class=\"mkdf-column\">\n\t\t\t<p><span class=\"wpcf7-form-control-wrap\" data-name=\"your-phone\"><input size=\"40\" class=\"wpcf7-form-control wpcf7-text wpcf7-validates-as-required\" aria-required=\"true\" aria-invalid=\"false\" placeholder=\"T\u00e9l\u00e9phone\" value=\"\" type=\"text\" name=\"your-phone\" \/><\/span>\n\t\t\t<\/p>\n\t\t<\/div>\n\t<\/div>\n<\/div>\n<div style=\"text-align: left;\">\n\t<div class=\"mkdf-two-columns-50-50 clearfix\">\n\t\t<div class=\"mkdf-two-columns-50-50-inner\">\n\t\t\t<div class=\"mkdf-column\">\n\t\t\t\t<p><label style=\"font-weight: bold;\">Poids<\/label><br \/>\n<span class=\"wpcf7-form-control-wrap\" data-name=\"weight\"><span class=\"wpcf7-form-control wpcf7-checkbox\"><span class=\"wpcf7-list-item first\"><input type=\"checkbox\" name=\"weight[]\" value=\"Moyen, facile \u00e0 gagner, facile \u00e0 perdre si j\u2019en fais un but\" \/><span class=\"wpcf7-list-item-label\">Moyen, facile \u00e0 gagner, facile \u00e0 perdre si j\u2019en fais un but<\/span><\/span><span class=\"wpcf7-list-item\"><input type=\"checkbox\" name=\"weight[]\" value=\"Moyen, facile \u00e0 gagner, facile \u00e0 perdre si j\u2019en fais un but\" \/><span class=\"wpcf7-list-item-label\">Moyen, facile \u00e0 gagner, facile \u00e0 perdre si j\u2019en fais un but<\/span><\/span><span class=\"wpcf7-list-item last\"><input type=\"checkbox\" name=\"weight[]\" value=\"\u00c9lev\u00e9, facile \u00e0 gagner, difficile \u00e0 perdre\" \/><span class=\"wpcf7-list-item-label\">\u00c9lev\u00e9, facile \u00e0 gagner, difficile \u00e0 perdre<\/span><\/span><\/span><\/span>\n\t\t\t\t<\/p>\n\t\t\t<\/div>\n\t\t\t<div class=\"mkdf-column\">\n\t\t\t\t<p><label style=\"font-weight: bold;\">Peau<\/label><br \/>\n<span class=\"wpcf7-form-control-wrap\" data-name=\"skin\"><span class=\"wpcf7-form-control wpcf7-checkbox\"><span class=\"wpcf7-list-item first\"><input type=\"checkbox\" name=\"skin[]\" value=\"S\u00e8che, froide, se bronze facilement\" \/><span class=\"wpcf7-list-item-label\">S\u00e8che, froide, se bronze facilement<\/span><\/span><span class=\"wpcf7-list-item\"><input type=\"checkbox\" name=\"skin[]\" value=\"Douce, ti\u00e8de, br\u00fble facilement, taches de rousseur\" \/><span class=\"wpcf7-list-item-label\">Douce, ti\u00e8de, br\u00fble facilement, taches de rousseur<\/span><\/span><span class=\"wpcf7-list-item last\"><input type=\"checkbox\" name=\"skin[]\" value=\"\u00c9paisse, douce, huileuse\" \/><span class=\"wpcf7-list-item-label\">\u00c9paisse, douce, huileuse<\/span><\/span><\/span><\/span>\n\t\t\t\t<\/p>\n\t\t\t<\/div>\n\t\t<\/div>\n\t<\/div>\n\t<div class=\"mkdf-two-columns-50-50 clearfix\">\n\t\t<div class=\"mkdf-two-columns-50-50-inner\">\n\t\t\t<div class=\"mkdf-column\">\n\t\t\t\t<p><label style=\"font-weight: bold;\">Corps<\/label><br \/>\n<span class=\"wpcf7-form-control-wrap\" data-name=\"frame\"><span class=\"wpcf7-form-control wpcf7-checkbox\"><span class=\"wpcf7-list-item first\"><input type=\"checkbox\" name=\"frame[]\" value=\"Je suis mince, mes joints sont pr\u00e9dominants\" \/><span class=\"wpcf7-list-item-label\">Je suis mince, mes joints sont pr\u00e9dominants<\/span><\/span><span class=\"wpcf7-list-item\"><input type=\"checkbox\" name=\"frame[]\" value=\"J\u2019ai suis moyen et ma musculature est bonne\" \/><span class=\"wpcf7-list-item-label\">J\u2019ai suis moyen et ma musculature est bonne<\/span><\/span><span class=\"wpcf7-list-item last\"><input type=\"checkbox\" name=\"frame[]\" value=\"Je suis plus large et mon apparence est plus ronde et costaud\" \/><span class=\"wpcf7-list-item-label\">Je suis plus large et mon apparence est plus ronde et costaud<\/span><\/span><\/span><\/span>\n\t\t\t\t<\/p>\n\t\t\t<\/div>\n\t\t\t<div class=\"mkdf-column\">\n\t\t\t\t<p><label style=\"font-weight: bold;\">App\u00e9tit<\/label><br \/>\n<span class=\"wpcf7-form-control-wrap\" data-name=\"appetite\"><span class=\"wpcf7-form-control wpcf7-checkbox\"><span class=\"wpcf7-list-item first\"><input type=\"checkbox\" name=\"appetite[]\" value=\"Variable\" \/><span class=\"wpcf7-list-item-label\">Variable<\/span><\/span><span class=\"wpcf7-list-item\"><input type=\"checkbox\" name=\"appetite[]\" value=\"Intense, ne peut pas sauter un repas.\" \/><span class=\"wpcf7-list-item-label\">Intense, ne peut pas sauter un repas.<\/span><\/span><span class=\"wpcf7-list-item last\"><input type=\"checkbox\" name=\"appetite[]\" value=\"Consistant, peut facilement sauter un repas.\" \/><span class=\"wpcf7-list-item-label\">Consistant, peut facilement sauter un repas.<\/span><\/span><\/span><\/span>\n\t\t\t\t<\/p>\n\t\t\t<\/div>\n\t\t<\/div>\n\t<\/div>\n\t<div class=\"mkdf-two-columns-50-50 clearfix\">\n\t\t<div class=\"mkdf-two-columns-50-50-inner\">\n\t\t\t<div class=\"mkdf-column\">\n\t\t\t\t<p><label style=\"font-weight: bold;\">Temp\u00e9rature corporelle<\/label><br \/>\n<span class=\"wpcf7-form-control-wrap\" data-name=\"temperature\"><span class=\"wpcf7-form-control wpcf7-checkbox\"><span class=\"wpcf7-list-item first\"><input type=\"checkbox\" name=\"temperature[]\" value=\"Mes pieds et mains sont toujours froids, j\u2019aime le climat chaud\" \/><span class=\"wpcf7-list-item-label\">Mes pieds et mains sont toujours froids, j\u2019aime le climat chaud<\/span><\/span><span class=\"wpcf7-list-item\"><input type=\"checkbox\" name=\"temperature[]\" value=\"J\u2019ai tendance a avoir chaud, peu importe le climat, Je pr\u00e9f\u00e8re le froid\" \/><span class=\"wpcf7-list-item-label\">J\u2019ai tendance a avoir chaud, peu importe le climat, Je pr\u00e9f\u00e8re le froid<\/span><\/span><span class=\"wpcf7-list-item last\"><input type=\"checkbox\" name=\"temperature[]\" value=\"Je m\u2019adapte peu importe le climat, par contre pas quand c\u2019est froid et pluvieux\" \/><span class=\"wpcf7-list-item-label\">Je m\u2019adapte peu importe le climat, par contre pas quand c\u2019est froid et pluvieux<\/span><\/span><\/span><\/span>\n\t\t\t\t<\/p>\n\t\t\t<\/div>\n\t\t\t<div class=\"mkdf-column\">\n\t\t\t\t<p><label style=\"font-weight: bold;\">Temp\u00e9rament<\/label><br \/>\n<span class=\"wpcf7-form-control-wrap\" data-name=\"temperment\"><span class=\"wpcf7-form-control wpcf7-checkbox\"><span class=\"wpcf7-list-item first\"><input type=\"checkbox\" name=\"temperment[]\" value=\"Impulsif, je suis enthousiaste par nature, j&#039;aime le changement\" \/><span class=\"wpcf7-list-item-label\">Impulsif, je suis enthousiaste par nature, j&#039;aime le changement<\/span><\/span><span class=\"wpcf7-list-item\"><input type=\"checkbox\" name=\"temperment[]\" value=\"M\u00e9thodique,  je suis un leader n\u00e9, j&#039;aime que les choses soient organis\u00e9es\" \/><span class=\"wpcf7-list-item-label\">M\u00e9thodique,  je suis un leader n\u00e9, j&#039;aime que les choses soient organis\u00e9es<\/span><\/span><span class=\"wpcf7-list-item last\"><input type=\"checkbox\" name=\"temperment[]\" value=\"Conservateur, je suis calme et je m\u2019adapte facilement,  J&#039;aime soutenir les autres\" \/><span class=\"wpcf7-list-item-label\">Conservateur, je suis calme et je m\u2019adapte facilement,  J&#039;aime soutenir les autres<\/span><\/span><\/span><\/span>\n\t\t\t\t<\/p>\n\t\t\t<\/div>\n\t\t<\/div>\n\t<\/div>\n\t<div class=\"mkdf-two-columns-50-50 clearfix\">\n\t\t<div class=\"mkdf-two-columns-50-50-inner\">\n\t\t\t<div class=\"mkdf-column\">\n\t\t\t\t<p><label style=\"font-weight: bold;\">R\u00e9action sous le stress<\/label><br \/>\n<span class=\"wpcf7-form-control-wrap\" data-name=\"stress\"><span class=\"wpcf7-form-control wpcf7-checkbox\"><span class=\"wpcf7-list-item first\"><input type=\"checkbox\" name=\"stress[]\" value=\"Nerveux et\/ou anxieux\" \/><span class=\"wpcf7-list-item-label\">Nerveux et\/ou anxieux<\/span><\/span><span class=\"wpcf7-list-item\"><input type=\"checkbox\" name=\"stress[]\" value=\"Irritable et\/ou agressif\" \/><span class=\"wpcf7-list-item-label\">Irritable et\/ou agressif<\/span><\/span><span class=\"wpcf7-list-item last\"><input type=\"checkbox\" name=\"stress[]\" value=\"Retir\u00e9 et\/ou reclus\" \/><span class=\"wpcf7-list-item-label\">Retir\u00e9 et\/ou reclus<\/span><\/span><\/span><\/span>\n\t\t\t\t<\/p>\n\t\t\t<\/div>\n\t\t\t<div class=\"mkdf-column\">\n\t\t\t\t<p><label style=\"font-weight: bold;\">Yeux<\/label><br \/>\n<span class=\"wpcf7-form-control-wrap\" data-name=\"eyes\"><span class=\"wpcf7-form-control wpcf7-checkbox\"><span class=\"wpcf7-list-item first\"><input type=\"checkbox\" name=\"eyes[]\" value=\"Petits et beaux\" \/><span class=\"wpcf7-list-item-label\">Petits et beaux<\/span><\/span><span class=\"wpcf7-list-item\"><input type=\"checkbox\" name=\"eyes[]\" value=\"Creux et perceptifs\" \/><span class=\"wpcf7-list-item-label\">Creux et perceptifs<\/span><\/span><span class=\"wpcf7-list-item last\"><input type=\"checkbox\" name=\"eyes[]\" value=\"Ronds et paisibles\" \/><span class=\"wpcf7-list-item-label\">Ronds et paisibles<\/span><\/span><\/span><\/span>\n\t\t\t\t<\/p>\n\t\t\t<\/div>\n\t\t<\/div>\n\t<\/div>\n\t<div class=\"mkdf-two-columns-50-50 clearfix\">\n\t\t<div class=\"mkdf-two-columns-50-50-inner\">\n\t\t\t<div class=\"mkdf-column\">\n\t\t\t\t<p><label style=\"font-weight: bold;\">Cheveux<\/label><br \/>\n<span class=\"wpcf7-form-control-wrap\" data-name=\"hair\"><span class=\"wpcf7-form-control wpcf7-checkbox\"><span class=\"wpcf7-list-item first\"><input type=\"checkbox\" name=\"hair[]\" value=\"Mes cheveux sont secs, cassants et cr\u00e9pus\" \/><span class=\"wpcf7-list-item-label\">Mes cheveux sont secs, cassants et cr\u00e9pus<\/span><\/span><span class=\"wpcf7-list-item\"><input type=\"checkbox\" name=\"hair[]\" value=\"Mes cheveux sont fins et le grisonnement est pr\u00e9matur\u00e9e\" \/><span class=\"wpcf7-list-item-label\">Mes cheveux sont fins et le grisonnement est pr\u00e9matur\u00e9e<\/span><\/span><span class=\"wpcf7-list-item last\"><input type=\"checkbox\" name=\"hair[]\" value=\"Mes cheveux sont \u00e9pais et j\u2019en ai en abondance\" \/><span class=\"wpcf7-list-item-label\">Mes cheveux sont \u00e9pais et j\u2019en ai en abondance<\/span><\/span><\/span><\/span>\n\t\t\t\t<\/p>\n\t\t\t<\/div>\n\t\t\t<div class=\"mkdf-column\">\n\t\t\t\t<p><label style=\"font-weight: bold;\">Sommeil<\/label><br \/>\n<span class=\"wpcf7-form-control-wrap\" data-name=\"sleep\"><span class=\"wpcf7-form-control wpcf7-checkbox\"><span class=\"wpcf7-list-item first\"><input type=\"checkbox\" name=\"sleep[]\" value=\"Pauvre, irr\u00e9gulier\" \/><span class=\"wpcf7-list-item-label\">Pauvre, irr\u00e9gulier<\/span><\/span><span class=\"wpcf7-list-item\"><input type=\"checkbox\" name=\"sleep[]\" value=\"L\u00e9ger, mais profond\" \/><span class=\"wpcf7-list-item-label\">L\u00e9ger, mais profond<\/span><\/span><span class=\"wpcf7-list-item last\"><input type=\"checkbox\" name=\"sleep[]\" value=\"Profond, long\" \/><span class=\"wpcf7-list-item-label\">Profond, long<\/span><\/span><\/span><\/span>\n\t\t\t\t<\/p>\n\t\t\t<\/div>\n\t\t<\/div>\n\t<\/div>\n<\/div>\n<div class=\"mkdf-grid-row mkdf-smaller-gutter clearfix\">\n\t<div class=\"mkdf-grid-col-12\">\n\t\t<div>\n\t\t\t<p><span class=\"wpcf7-form-control-wrap\" data-name=\"your-message\"><textarea cols=\"40\" rows=\"10\" class=\"wpcf7-form-control wpcf7-textarea\" aria-invalid=\"false\" placeholder=\"\u00c9crivez votre commentaire...\" name=\"your-message\"><\/textarea><\/span>\n\t\t\t<\/p>\n\t\t<\/div>\n\t\t<div style=\"text-align:center;\">\n\t\t\t<div class=\"mkdf-contact-form-submit\">\n\t\t\t\t<p><input class=\"wpcf7-form-control wpcf7-submit has-spinner\" type=\"submit\" value=\"Submit\" \/><br \/>\n<span class=\"mkdf-btn-borders-holder\"><br \/>\n<\/span>\n\t\t\t\t<\/p>\n\t\t\t<\/div>\n\t\t<\/div>\n\t<\/div>\n<\/div><div class=\"wpcf7-response-output\" aria-hidden=\"true\"><\/div>\n<\/form>\n<\/div>\n\t\t<\/div>\n\t<\/div>\n<\/div><\/div>[\/vc_column_inner][\/vc_row_inner][\/vc_column][\/vc_row]<\/p>\n","protected":false},"excerpt":{"rendered":"<p>[vc_row row_content_width=\u00a0\u00bbgrid\u00a0\u00bb][vc_column offset=\u00a0\u00bbvc_col-md-4&Prime;][\/vc_column][vc_column offset=\u00a0\u00bbvc_col-md-4&Prime;][\/vc_column][vc_column offset=\u00a0\u00bbvc_col-md-4&Prime;][\/vc_column][\/vc_row][vc_row css=\u00a0\u00bb.vc_custom_1543448721175{padding-top: 0px !important;padding-bottom: 105px !important;background-image: url(http:\/\/aviana.mikado-themes.com\/wp-content\/uploads\/2017\/09\/h1-background-img.jpg?id=151) !important;background-position: center !important;background-repeat: no-repeat !important;background-size: cover !important;}\u00a0\u00bb][vc_column][vc_row_inner row_content_width=\u00a0\u00bbgrid\u00a0\u00bb content_text_aligment=\u00a0\u00bbcenter\u00a0\u00bb css=\u00a0\u00bb.vc_custom_1534396694721{margin-bottom: 10px !important;}\u00a0\u00bb][vc_column_inner][\/vc_column_inner][\/vc_row_inner][\/vc_column][\/vc_row]<\/p>\n","protected":false},"author":1,"featured_media":0,"parent":0,"menu_order":0,"comment_status":"closed","ping_status":"closed","template":"full-width.php","meta":{"footnotes":""},"_links":{"self":[{"href":"https:\/\/vanesaayurveda.com\/fr\/wp-json\/wp\/v2\/pages\/2948"}],"collection":[{"href":"https:\/\/vanesaayurveda.com\/fr\/wp-json\/wp\/v2\/pages"}],"about":[{"href":"https:\/\/vanesaayurveda.com\/fr\/wp-json\/wp\/v2\/types\/page"}],"author":[{"embeddable":true,"href":"https:\/\/vanesaayurveda.com\/fr\/wp-json\/wp\/v2\/users\/1"}],"replies":[{"embeddable":true,"href":"https:\/\/vanesaayurveda.com\/fr\/wp-json\/wp\/v2\/comments?post=2948"}],"version-history":[{"count":20,"href":"https:\/\/vanesaayurveda.com\/fr\/wp-json\/wp\/v2\/pages\/2948\/revisions"}],"predecessor-version":[{"id":3683,"href":"https:\/\/vanesaayurveda.com\/fr\/wp-json\/wp\/v2\/pages\/2948\/revisions\/3683"}],"wp:attachment":[{"href":"https:\/\/vanesaayurveda.com\/fr\/wp-json\/wp\/v2\/media?parent=2948"}],"curies":[{"name":"wp","href":"https:\/\/api.w.org\/{rel}","templated":true}]}}